{"id":1012,"date":"2013-02-18T22:18:41","date_gmt":"2013-02-18T21:18:41","guid":{"rendered":"http:\/\/aah.noblogs.org\/?page_id=1012"},"modified":"2019-02-06T13:05:25","modified_gmt":"2019-02-06T12:05:25","slug":"nazis-in-hamm","status":"publish","type":"page","link":"https:\/\/aah.noblogs.org\/?page_id=1012","title":{"rendered":"Nazis in Hamm"},"content":{"rendered":"<p>In diesem Bereich findet ihr zur Zeit einen Versuch einer Chronik der Neonaziaktivit\u00e4ten in Hamm(Westf.) ab dem Gr\u00fcndungsjahr 2003, der inzwischen verbotenen Kameradschaft Hamm. Die Auflistung der Aktivit\u00e4ten endet zur Zeit Ende 2018. Aktualisierungen werden nach und nach einflie\u00dfen. Neben Demonstrationen beinhaltet die Chronik Saal- und Infoveranstaltungen, sowie Angriffe und St\u00f6raktionen.<\/p>\n<p><a href=\"https:\/\/aah.noblogs.org\/files\/2019\/02\/Neonaziaktivit\u00e4ten-in-Hamm-2018.pdf\">Neonazi Aktivit\u00e4ten in Hamm (Westf.): 2003 -2018<\/a><\/p>\n<p>Des Weiteren aktuelle Texte \u00fcber die &#8222;Die Rechte&#8220; in NRW.<\/p>\n<p><a href=\"https:\/\/aah.noblogs.org\/files\/2013\/02\/9539863925.pdf\" target=\"_blank\" rel=\"noopener\">&#8222;Die Rechte&#8220; in NRW<\/a>\u00a0\u00a0\u00a0\u00a0\u00a0\u00a0 \u00a0 \u00a0 \u00a0 \u00a0 \u00a0 \u00a0 \u00a0 \u00a0 \u00a0 \u00a0 \u00a0 \u00a0 \u00a0 \u00a0 \u00a0 \u00a0 \u00a0 \u00a0 \u00a0\u00a0 \u00a0\u00a0\u00a0\u00a0\u00a0\u00a0\u00a0\u00a0\u00a0 \u00a0 \u00a0 \u00a0 \u00a0 \u00a0 \u00a0 \u00a0 \u00a0 \u00a0 \u00a0 \u00a0 \u00a0 \u00a0 \u00a0 \u00a0 \u00a0 \u00a0 \u00a0\u00a0 \u00a0\u00a0 <a href=\"https:\/\/aah.noblogs.org\/files\/2014\/05\/Rechte-NRW.pdf\">Hintergrund: &#8222;Die Rechte&#8220; in NRW vor den Kommunalwahlen<\/a><\/p>\n<h3 class=\"entry-title\"><\/h3>\n","protected":false},"excerpt":{"rendered":"<p>In diesem Bereich findet ihr zur Zeit einen Versuch einer Chronik der Neonaziaktivit\u00e4ten in Hamm(Westf.) ab dem Gr\u00fcndungsjahr 2003, der inzwischen verbotenen Kameradschaft Hamm. Die Auflistung der Aktivit\u00e4ten endet zur Zeit Ende 2018. Aktualisierungen werden nach und nach einflie\u00dfen. Neben &hellip; <a href=\"https:\/\/aah.noblogs.org\/?page_id=1012\">Weiterlesen <span class=\"meta-nav\">&rarr;<\/span><\/a><\/p>\n","protected":false},"author":1605,"featured_media":0,"parent":0,"menu_order":0,"comment_status":"closed","ping_status":"open","template":"","meta":{"footnotes":""},"class_list":["post-1012","page","type-page","status-publish","hentry"],"_links":{"self":[{"href":"https:\/\/aah.noblogs.org\/index.php?rest_route=\/wp\/v2\/pages\/1012","targetHints":{"allow":["GET"]}}],"collection":[{"href":"https:\/\/aah.noblogs.org\/index.php?rest_route=\/wp\/v2\/pages"}],"about":[{"href":"https:\/\/aah.noblogs.org\/index.php?rest_route=\/wp\/v2\/types\/page"}],"author":[{"embeddable":true,"href":"https:\/\/aah.noblogs.org\/index.php?rest_route=\/wp\/v2\/users\/1605"}],"replies":[{"embeddable":true,"href":"https:\/\/aah.noblogs.org\/index.php?rest_route=%2Fwp%2Fv2%2Fcomments&post=1012"}],"version-history":[{"count":16,"href":"https:\/\/aah.noblogs.org\/index.php?rest_route=\/wp\/v2\/pages\/1012\/revisions"}],"predecessor-version":[{"id":1984,"href":"https:\/\/aah.noblogs.org\/index.php?rest_route=\/wp\/v2\/pages\/1012\/revisions\/1984"}],"wp:attachment":[{"href":"https:\/\/aah.noblogs.org\/index.php?rest_route=%2Fwp%2Fv2%2Fmedia&parent=1012"}],"curies":[{"name":"wp","href":"https:\/\/api.w.org\/{rel}","templated":true}]}}