{"id":122,"date":"2010-09-27T14:12:16","date_gmt":"2010-09-27T12:12:16","guid":{"rendered":"http:\/\/aah.noblogs.org"},"modified":"2015-11-10T20:53:07","modified_gmt":"2015-11-10T19:53:07","slug":"kontakt","status":"publish","type":"page","link":"https:\/\/aah.noblogs.org\/?page_id=122","title":{"rendered":"Kontakt"},"content":{"rendered":"<p><strong>e-mail:<\/strong><\/p>\n<p>aah[at]riseup.net<\/p>\n<p><strong>pgp-key:<br \/>\n<\/strong><\/p>\n<pre>-----BEGIN PGP PUBLIC KEY BLOCK-----\r\nVersion: GnuPG v2.0.22 (MingW32)\r\n\r\nmQINBFP8q8QBEADMLb84NC02BpkUW4\/OXTsocGfmDj0YuvPuf0xVykVvAwcjKepk\r\nQnCJ8Ofo8umrnALgQWdCI9wxcb21S7YR42Bkq2CFqLGr3jqwhCw+3stdi0Lqt9T5\r\nVeO4Q+i5zRHo5SoYkKqjBNscySiDzv0xhfzMl9b\/PHBXe26Vfp8sbCEllmQjW+fh\r\nALDRJbTtI6f0xim3IkTVe2tuFo3doqslj4aGfxhNDjqQJAy8ATrmFjdAxaV\/4QYM\r\nargrH08bLLo1aEzYQJufmb+ooRZV7d\/haIRySt2PKruzKw\/E0FbpIw9mybO22EUF\r\nXTwJ9K0v6315hDBrl4\/MRiJlI7HndKFcwGxprJPvbIxIJJp6daruvJcFAZYPjUtG\r\nUI9hq\/PTKkO1Cx9UCyT8KAoR7oFDwqDF9J9f9G6SBElSQBI9VLZDsnfVF+jhbo7x\r\nZR8vIMtXwL8oV4bKr82W\/73qNjlmCaMGX33FutNvyPfJk1n0CurUlEVQBI9XfqbB\r\n4nsxY8aSFliKi+YnUKAGnZ0aKBMFW7rE8mKvjnVQyjOtXvz\/Axngum6oxTVSHg60\r\n3IJbOtirgVhm3\/DLE6XCzjNyeA93IKRoavhbHq8v7UE4uWObuyofW+\/+EJVfu\/UQ\r\n05KTCukBiDGq1X0Ou7gbyWIMXqqI5ddWEu5UihVDW5h0pGmIfOdEdsmMJwARAQAB\r\ntDRBQUggKEFudGlmYXNjaGlzdGlzY2hlIEFrdGlvbiBIYW1tKSA8YWFoQHJpc2V1\r\ncC5uZXQ+iQI5BBMBAgAjBQJT\/KvEAhsjBwsJCAcDAgEGFQgCCQoLBBYCAwECHgEC\r\nF4AACgkQdpAIpXVqRFrRpg\/\/Vxm5M7O5idSbtslWnmysEP5W2XHAfdqBtvAXPclP\r\nWuqJd0zgB56652x\/yCwkRba2rsyLqBCvjkbQR0lWVSPXMFeyPk4d8Zdqqm8o\/qyG\r\nzx0pnw8JycUyvO2\/ZMEHozTH12Xo0sea+nZTi6O76ngjQeuqlXPZF4KU6y9kISIR\r\nXQ5173gkxcmdhfJul6q4D9c0pkdxJsERih1tnaPhIFcQVjob5Ave75IAEfUaPxzj\r\n8BnbF\/KrBoTABJpgUZMS+2jvfg1aOxeOMZln+IzBuuQrXMpy\/JpvN3z+DtMykvji\r\nhNowU0lvwVzY0MPriJTd6lUj8GqjIjKFxKM41Cn2AnDcvQUHzwA0gUkyrKvZwHwN\r\nEnbXtHl\/lvTa0ITH+YwpNKedeVSfuTzsbo4I202dxfiBrhMBZ+7kY8Mb5XM0UkEx\r\nLq1H1lIDRHNqyQaxCWo\/yzLRv4KxTNjDXYca7uByrhnWxuuxBtxpAoQJdhzczjfZ\r\njSyyVc4\/eeokb0wX6Qo4cf\/jaSDJewYjuafWkybXIGdH9DlEv5nsKSQUUnLXLf8N\r\nz4mrgirHZEiKg1YdGhkIQQlmv9wd6UHFvzOItfHXLeB3cnqxuHAXRVewllrCOFtX\r\nQLKPKlIVaWSfNedvU3w8teDlnLeamPzZBgNc30bc09O6L+jf59WKUuZXv1\/b1MbV\r\ntga5Ag0EU\/yrxAEQANeV4LgajM2byXTi5tjVDsPxkyLhfSXU01QOZoaZOQZfXO7q\r\nbrh61FHPb7381RVCDuxJro+4be\/AIF2C3s2MzDl6WfR2HVZbfC2mB22VJzYZg2db\r\nFbePaHD683k0HGrffIu4a1UCp2MMGfejaRmbYStozWHcvvg78g5F2WZhYumH2Uij\r\nG5VICBbyuZWv7EcspB6MHLWMqyYT8nN5rCX6+PDBk76JSnKPRfnFQy9imlSP\/bVH\r\nuVWgTJuCLH\/jwfO5w62UOt9xw74m8v1bi3WvKMfEnJzq9pO5w7qcM13IoC1A2X49\r\nm\/18yx2G+uX5mff5vAL\/aKGnQeORKIyvjqGPyW6RyFw0CdnrPMcSeAbldUftF0at\r\nB9uMIz3GOmfzBT\/kZRVMjAJxVWDspDUMjR85TI5lfh8\/THYd9xxZhk5\/nCaFD4OH\r\np5ZsKU1OufCU1QxVvB8XyysGWeRw5U\/zkmL0K\/ka+VaGFy6aUsCQ87HBi0ofTaUJ\r\nQ\/mQiosblZ8SsnF1f5R+GGLuhjCsXk28bYntuWt0hMJXL7BoQJQGhiLPFLtHAp50\r\nztmJ3ewbBDuRj64nc2AAZqdVTbcjrv3f9dfCQEv0EMHxjFBtAzqsDWm6v4txpUGi\r\nvf0ErJZy4CA4rFF7coG8hp9qnLzikgEp6dvEwzAtRRzVtTskNSM3kzxdKsTVABEB\r\nAAGJAh8EGAECAAkFAlP8q8QCGwwACgkQdpAIpXVqRFpfwRAAvbuPYfG2rz7rYLD\/\r\nQETkQdmB4p+SC3vsrsff9ZxLyLRM3ncz2edOlghFCB8Q+uXve\/9QHssE97djKS0P\r\ntntduxdsKkO0sc0IKymV8m\/PVuDQuO4UmBsUhnC\/MVLBekJxbWpqvKOHcJa61n5x\r\n6KSTVu4\/iBpYAd5n6CFZ1IPnIQ5VLtxPPQdFAzNL7rcQTi1BV5hntdFZYk37VN0a\r\nmIs\/uWw8VSF32\/38fP2iKF+qkOSHEDA7qlFZpW6i3V6xaJn9CFYb+Ojie\/EnKryH\r\nr3BDJNtaBQnV62wLoqh7mTfUqLj+ZBQ4gfWeWMPiTB7aMXsOjiCmkCcDZE46N6u0\r\nY2Suol+1l7EFKqMHhGZ2j1vSfpEcQtmrs+IweEEzysdCbCgmi3RnNRR0AYeQ3nkJ\r\nrSUHXFG\/TQcnmDZajX1PMGxy82ipybTajMgjhzICVt4XmwGawRgqyOsHZOwghL8k\r\n9F+d3PVE3oeB3AFvga7JJbAOPBAWXVnFEHtXX0MmCyNkft6EB5R3efA5670u84+K\r\n1RD7OTwAt1f3kzBWMMsL4BAvLbrPCOLxd7nbqaAUvDqXRI+nJXWwJjeGQHr8tH9f\r\nn5N4nlMPHw7Uv2Xx+pvpA9+r9bdlh8MJ++YApyYHLghL5CSo6b\/hEqUrONksNTmq\r\nzbixP6W8Q5u8I5qxllJ0\/cE9u68=\r\n=FyO4\r\n-----END PGP PUBLIC KEY BLOCK-----<\/pre>\n<p><strong>Disclaimer:<\/strong><\/p>\n<p><em><strong>Haftung f\u00fcr Inhalte<\/strong><\/em><\/p>\n<p>Die Inhalte unserer Seiten wurden mit gr\u00f6\u00dfter Sorgfalt erstellt. F\u00fcr die Richtigkeit, Vollst\u00e4ndigkeit und Aktualit\u00e4t der Inhalte k\u00f6nnen wir jedoch keine Gew\u00e4hr \u00fcbernehmen.<\/p>\n<p>Als Diensteanbieter sind wir gem\u00e4\u00df \u00a7 7 Abs.1 TMG f\u00fcr eigene Inhalte auf diesen Seiten nach den allgemeinen Gesetzen verantwortlich. Nach \u00a7\u00a7 8 bis 10 TMG sind wir als Diensteanbieter jedoch nicht verpflichtet, \u00fcbermittelte oder gespeicherte fremde Informationen zu \u00fcberwachen oder nach Umst\u00e4nden zu forschen, die auf eine rechtswidrige T\u00e4tigkeit hinweisen. Verpflichtungen zur Entfernung oder Sperrung der Nutzung von Informationen nach den allgemeinen Gesetzen bleiben hiervon unber\u00fchrt. Eine diesbez\u00fcgliche Haftung ist jedoch erst ab dem Zeitpunkt der Kenntnis einer konkreten Rechtsverletzung m\u00f6glich. Bei bekannt werden von entsprechenden Rechtsverletzungen werden wir diese Inhalte umgehend entfernen.<\/p>\n<p><em><strong>Haftung f\u00fcr Links<\/strong><\/em><\/p>\n<p>Unser Angebot enth\u00e4lt Links zu externen Webseiten Dritter, auf deren Inhalte wir keinen Einfluss haben. Deshalb k\u00f6nnen wir f\u00fcr diese fremden Inhalte auch keine Gew\u00e4hr \u00fcbernehmen. F\u00fcr die Inhalte der verlinkten Seiten ist stets der jeweilige Anbieter oder Betreiber der Seiten verantwortlich. Die verlinkten Seiten wurden zum Zeitpunkt der Verlinkung auf m\u00f6gliche Rechtsverst\u00f6\u00dfe \u00fcberpr\u00fcft. Rechtswidrige Inhalte waren zum Zeitpunkt der Verlinkung nicht erkennbar. Eine permanente inhaltliche Kontrolle der verlinkten Seiten ist jedoch ohne konkrete Anhaltspunkte einer Rechtsverletzung nicht zumutbar. Bei bekannt werden von Rechtsverletzungen werden wir derartige Links umgehend entfernen.<\/p>\n<p><em><strong>Urheberrecht<\/strong><\/em><\/p>\n<p>Die durch die Seitenbetreiber erstellten Inhalte und Werke auf diesen Seiten unterliegen dem deutschen Urheberrecht. Beitr\u00e4ge Dritter sind als solche gekennzeichnet. Die Vervielf\u00e4ltigung, Bearbeitung, Verbreitung und jede Art der Verwertung au\u00dferhalb der Grenzen des Urheberrechtes bed\u00fcrfen der schriftlichen Zustimmung des jeweiligen Autors bzw. Erstellers. Downloads und Kopien dieser Seite sind nur f\u00fcr den privaten, nicht kommerziellen Gebrauch gestattet.<\/p>\n<p>Die Betreiber der Seiten sind bem\u00fcht, stets die Urheberrechte anderer zu beachten bzw. auf selbst erstellte sowie lizenzfreie Werke zur\u00fcckzugreifen.<\/p>\n<p><em><strong>Datenschutz<\/strong><\/em><\/p>\n<p>Soweit auf unseren Seiten personenbezogene Daten (beispielsweise Name, Anschrift oder eMail-Adressen) erhoben werden, erfolgt dies soweit m\u00f6glich stets auf freiwilliger Basis. Die Nutzung der Angebote und Dienste ist, soweit m\u00f6glich, stets ohne Angabe personenbezogener Daten m\u00f6glich.<\/p>\n<p>Wir weisen darauf hin, dass die Daten\u00fcbertragung im Internet (z.B. bei der Kommunikation per E-Mail) Sicherheitsl\u00fccken aufweisen kann. Ein l\u00fcckenloser Schutz der Daten vor dem Zugriff durch Dritte ist nicht m\u00f6glich.<\/p>\n<p>Der Nutzung von im Rahmen der Impressumspflicht ver\u00f6ffentlichten Kontaktdaten durch Dritte zur \u00dcbersendung von nicht ausdr\u00fccklich angeforderter Werbung und Informationsmaterialien wird hiermit ausdr\u00fccklich widersprochen. Die Betreiber der Seiten behalten sich ausdr\u00fccklich rechtliche Schritte im Falle der unverlangten Zusendung von Werbeinformationen, etwa durch Spam-Mails, vor.<\/p>\n<p>Quelle: eRecht24.de \u2013 Internetrecht von Rechtsanwalt S\u00f6ren Siebert<\/p>\n","protected":false},"excerpt":{"rendered":"<p>e-mail: aah[at]riseup.net pgp-key: &#8212;&#8211;BEGIN PGP PUBLIC KEY BLOCK&#8212;&#8211; Version: GnuPG v2.0.22 (MingW32) mQINBFP8q8QBEADMLb84NC02BpkUW4\/OXTsocGfmDj0YuvPuf0xVykVvAwcjKepk QnCJ8Ofo8umrnALgQWdCI9wxcb21S7YR42Bkq2CFqLGr3jqwhCw+3stdi0Lqt9T5 VeO4Q+i5zRHo5SoYkKqjBNscySiDzv0xhfzMl9b\/PHBXe26Vfp8sbCEllmQjW+fh ALDRJbTtI6f0xim3IkTVe2tuFo3doqslj4aGfxhNDjqQJAy8ATrmFjdAxaV\/4QYM argrH08bLLo1aEzYQJufmb+ooRZV7d\/haIRySt2PKruzKw\/E0FbpIw9mybO22EUF XTwJ9K0v6315hDBrl4\/MRiJlI7HndKFcwGxprJPvbIxIJJp6daruvJcFAZYPjUtG UI9hq\/PTKkO1Cx9UCyT8KAoR7oFDwqDF9J9f9G6SBElSQBI9VLZDsnfVF+jhbo7x ZR8vIMtXwL8oV4bKr82W\/73qNjlmCaMGX33FutNvyPfJk1n0CurUlEVQBI9XfqbB 4nsxY8aSFliKi+YnUKAGnZ0aKBMFW7rE8mKvjnVQyjOtXvz\/Axngum6oxTVSHg60 3IJbOtirgVhm3\/DLE6XCzjNyeA93IKRoavhbHq8v7UE4uWObuyofW+\/+EJVfu\/UQ 05KTCukBiDGq1X0Ou7gbyWIMXqqI5ddWEu5UihVDW5h0pGmIfOdEdsmMJwARAQAB tDRBQUggKEFudGlmYXNjaGlzdGlzY2hlIEFrdGlvbiBIYW1tKSA8YWFoQHJpc2V1 cC5uZXQ+iQI5BBMBAgAjBQJT\/KvEAhsjBwsJCAcDAgEGFQgCCQoLBBYCAwECHgEC F4AACgkQdpAIpXVqRFrRpg\/\/Vxm5M7O5idSbtslWnmysEP5W2XHAfdqBtvAXPclP WuqJd0zgB56652x\/yCwkRba2rsyLqBCvjkbQR0lWVSPXMFeyPk4d8Zdqqm8o\/qyG zx0pnw8JycUyvO2\/ZMEHozTH12Xo0sea+nZTi6O76ngjQeuqlXPZF4KU6y9kISIR XQ5173gkxcmdhfJul6q4D9c0pkdxJsERih1tnaPhIFcQVjob5Ave75IAEfUaPxzj 8BnbF\/KrBoTABJpgUZMS+2jvfg1aOxeOMZln+IzBuuQrXMpy\/JpvN3z+DtMykvji hNowU0lvwVzY0MPriJTd6lUj8GqjIjKFxKM41Cn2AnDcvQUHzwA0gUkyrKvZwHwN EnbXtHl\/lvTa0ITH+YwpNKedeVSfuTzsbo4I202dxfiBrhMBZ+7kY8Mb5XM0UkEx Lq1H1lIDRHNqyQaxCWo\/yzLRv4KxTNjDXYca7uByrhnWxuuxBtxpAoQJdhzczjfZ jSyyVc4\/eeokb0wX6Qo4cf\/jaSDJewYjuafWkybXIGdH9DlEv5nsKSQUUnLXLf8N z4mrgirHZEiKg1YdGhkIQQlmv9wd6UHFvzOItfHXLeB3cnqxuHAXRVewllrCOFtX QLKPKlIVaWSfNedvU3w8teDlnLeamPzZBgNc30bc09O6L+jf59WKUuZXv1\/b1MbV tga5Ag0EU\/yrxAEQANeV4LgajM2byXTi5tjVDsPxkyLhfSXU01QOZoaZOQZfXO7q brh61FHPb7381RVCDuxJro+4be\/AIF2C3s2MzDl6WfR2HVZbfC2mB22VJzYZg2db FbePaHD683k0HGrffIu4a1UCp2MMGfejaRmbYStozWHcvvg78g5F2WZhYumH2Uij G5VICBbyuZWv7EcspB6MHLWMqyYT8nN5rCX6+PDBk76JSnKPRfnFQy9imlSP\/bVH &hellip; <a href=\"https:\/\/aah.noblogs.org\/?page_id=122\">Weiterlesen <span class=\"meta-nav\">&rarr;<\/span><\/a><\/p>\n","protected":false},"author":1605,"featured_media":0,"parent":0,"menu_order":0,"comment_status":"closed","ping_status":"open","template":"","meta":{"footnotes":""},"class_list":["post-122","page","type-page","status-publish","hentry"],"_links":{"self":[{"href":"https:\/\/aah.noblogs.org\/index.php?rest_route=\/wp\/v2\/pages\/122","targetHints":{"allow":["GET"]}}],"collection":[{"href":"https:\/\/aah.noblogs.org\/index.php?rest_route=\/wp\/v2\/pages"}],"about":[{"href":"https:\/\/aah.noblogs.org\/index.php?rest_route=\/wp\/v2\/types\/page"}],"author":[{"embeddable":true,"href":"https:\/\/aah.noblogs.org\/index.php?rest_route=\/wp\/v2\/users\/1605"}],"replies":[{"embeddable":true,"href":"https:\/\/aah.noblogs.org\/index.php?rest_route=%2Fwp%2Fv2%2Fcomments&post=122"}],"version-history":[{"count":7,"href":"https:\/\/aah.noblogs.org\/index.php?rest_route=\/wp\/v2\/pages\/122\/revisions"}],"predecessor-version":[{"id":1536,"href":"https:\/\/aah.noblogs.org\/index.php?rest_route=\/wp\/v2\/pages\/122\/revisions\/1536"}],"wp:attachment":[{"href":"https:\/\/aah.noblogs.org\/index.php?rest_route=%2Fwp%2Fv2%2Fmedia&parent=122"}],"curies":[{"name":"wp","href":"https:\/\/api.w.org\/{rel}","templated":true}]}}