{"id":830,"date":"2012-06-25T18:37:03","date_gmt":"2012-06-25T16:37:03","guid":{"rendered":"http:\/\/aah.noblogs.org\/?page_id=830"},"modified":"2017-12-21T16:46:11","modified_gmt":"2017-12-21T15:46:11","slug":"links","status":"publish","type":"page","link":"https:\/\/aah.noblogs.org\/?page_id=830","title":{"rendered":"Links"},"content":{"rendered":"<h3>Antifa Gruppen<\/h3>\n<ul>\n<li><a href=\"http:\/\/afawerne.blogsport.de\/\">Antifaschistische Aktion Werne<\/a><\/li>\n<li><a title=\"Antifaschistische Aktion Soest\" href=\"http:\/\/aaso.blogsport.de\/\" target=\"_blank\" rel=\"noopener\">Antifa Soest<\/a><\/li>\n<li><a title=\"Antifaschistische Aktion Kreis Unna\" href=\"http:\/\/antifaunited.blogsport.de\/\" target=\"_blank\" rel=\"noopener\">Antifa UNited<\/a><\/li>\n<li><a href=\"http:\/\/aalev.info\/\" target=\"_new\">Antifaschistische Aktion Leverkusen<\/a><\/li>\n<li><a class=\"title\" href=\"http:\/\/aan.blogsport.de\/\">Antifaschistische Aktion Nordhorn<\/a><\/li>\n<li><a href=\"http:\/\/antifalinkemuenster.blogsport.de\/\" target=\"_blank\" rel=\"noopener\">Antifaschistische Linke M\u00fcnster<\/a><\/li>\n<li><a title=\"Antifa Union Dortmund\" href=\"http:\/\/antifaunion.blogsport.de\/\" target=\"_blank\" rel=\"noopener\">Antifaschistische Union Dortmund<\/a><\/li>\n<li><a title=\"Autonome Antifa Rheine\" href=\"http:\/\/antifarheine.blogsport.de\" target=\"_blank\" rel=\"noopener\">Autonome Antifa Rheine<\/a><\/li>\n<li><a title=\"Emanzipatorische Antifa M\u00fcnster \" href=\"http:\/\/eams.blogsport.eu\" target=\"_blank\" rel=\"noopener\">Emanzipatorische Antifa M\u00fcnster<\/a><\/li>\n<li><a href=\"http:\/\/jako.blogsport.de\/\" target=\"_blank\" rel=\"noopener\">Jugend Antifa Kreis Osnabr\u00fcck<\/a><\/li>\n<li><a href=\"https:\/\/aa170.noblogs.org\/\">Autonome Antifa 170<\/a><\/li>\n<\/ul>\n<h3>B\u00fcndnisse \/ Kampagnen \/ Netzwerke<\/h3>\n<ul>\n<li><a href=\"http:\/\/www.antifa-koeln.net\" target=\"_blank\" rel=\"noopener\">Antifa\u00b4Koordination K\u00f6ln&amp;Umland<\/a><\/li>\n<li><a href=\"https:\/\/hamm.noblogs.org\/\" target=\"_blank\" rel=\"noopener\">Demokoordination Hamm<\/a><\/li>\n<li><a href=\"http:\/\/dab.nadir.org\/\" target=\"_blank\" rel=\"noopener\">Dortmunder Antifa-B\u00fcndnis<\/a><\/li>\n<li><a href=\"http:\/\/haekelclub590.de\" target=\"_blank\" rel=\"noopener\">haekelclub 590<\/a><\/li>\n<li><a href=\"http:\/\/nsu-watch.apabiz.de\/\" target=\"_blank\" rel=\"noopener\">NSU Watchblog<\/a><\/li>\n<li><a href=\"https:\/\/nationalismusistkeinealternative.net\/nrw\/\">NIKA NRW<\/a><\/li>\n<\/ul>\n<h3>Selbstverwaltete Zentren<\/h3>\n<ul>\n<li><a title=\"Autonomes Zentrum f\u00fcr Jugend, Kunst, Kultur, Umwelt und Politik in M\u00fcnster\" href=\"http:\/\/www.nrdpl.org\/en\/\" target=\"_blank\" rel=\"noopener\">Nordpol<\/a><\/li>\n<li><a href=\"http:\/\/www.substanz-os.de\/\" target=\"_blank\" rel=\"noopener\">SubstAnZ<\/a><\/li>\n<\/ul>\n<h3>weitere politische Gruppen<\/h3>\n<ul>\n<li><a title=\"Freie ArbeiterInnen Union M\u00fcnsterland \u2013 Gewerkschaft f\u00fcr alle Lohnabh\u00e4ngigen und Erwerbslosen\" href=\"http:\/\/www.fau.org\/ortsgruppen\/muenster\/static\/\" target=\"_blank\" rel=\"noopener\">FAU \u2013 M\u00fcnster<\/a><\/li>\n<li><a href=\"https:\/\/ultraviolett.noblogs.org\/\" target=\"_blank\" rel=\"noopener\">Ultraviolett*<\/a><\/li>\n<\/ul>\n<h3>Zeitungen<\/h3>\n<ul>\n<li><a title=\"blick nach rechts\" href=\"http:\/\/www.bnr.de\/\" target=\"_blank\" rel=\"noopener\">blick nach rechts<\/a><\/li>\n<li><a title=\"Antifaschistische Zeitung aus NRW\" href=\"http:\/\/projekte.free.de\/lotta\" target=\"_blank\" rel=\"noopener\">Lotta<\/a><\/li>\n<li><a title=\"Nachrichten und Hintergrundberichte zu der extremen Rechten in NRW\" href=\"https:\/\/nrwrex.wordpress.com\/\" target=\"_blank\" rel=\"noopener\">NRW rechtsau\u00dfen<\/a><\/li>\n<li><a title=\"Stra\u00dfen aus Zucker\" href=\"http:\/\/strassenauszucker.blogsport.de\/\" target=\"_blank\" rel=\"noopener\">Stra\u00dfen aus Zucker<\/a><\/li>\n<\/ul>\n","protected":false},"excerpt":{"rendered":"<p>Antifa Gruppen Antifaschistische Aktion Werne Antifa Soest Antifa UNited Antifaschistische Aktion Leverkusen Antifaschistische Aktion Nordhorn Antifaschistische Linke M\u00fcnster Antifaschistische Union Dortmund Autonome Antifa Rheine Emanzipatorische Antifa M\u00fcnster Jugend Antifa Kreis Osnabr\u00fcck Autonome Antifa 170 B\u00fcndnisse \/ Kampagnen \/ Netzwerke Antifa\u00b4Koordination &hellip; <a href=\"https:\/\/aah.noblogs.org\/?page_id=830\">Weiterlesen <span class=\"meta-nav\">&rarr;<\/span><\/a><\/p>\n","protected":false},"author":1605,"featured_media":0,"parent":0,"menu_order":0,"comment_status":"closed","ping_status":"open","template":"","meta":{"footnotes":""},"class_list":["post-830","page","type-page","status-publish","hentry"],"_links":{"self":[{"href":"https:\/\/aah.noblogs.org\/index.php?rest_route=\/wp\/v2\/pages\/830","targetHints":{"allow":["GET"]}}],"collection":[{"href":"https:\/\/aah.noblogs.org\/index.php?rest_route=\/wp\/v2\/pages"}],"about":[{"href":"https:\/\/aah.noblogs.org\/index.php?rest_route=\/wp\/v2\/types\/page"}],"author":[{"embeddable":true,"href":"https:\/\/aah.noblogs.org\/index.php?rest_route=\/wp\/v2\/users\/1605"}],"replies":[{"embeddable":true,"href":"https:\/\/aah.noblogs.org\/index.php?rest_route=%2Fwp%2Fv2%2Fcomments&post=830"}],"version-history":[{"count":15,"href":"https:\/\/aah.noblogs.org\/index.php?rest_route=\/wp\/v2\/pages\/830\/revisions"}],"predecessor-version":[{"id":1881,"href":"https:\/\/aah.noblogs.org\/index.php?rest_route=\/wp\/v2\/pages\/830\/revisions\/1881"}],"wp:attachment":[{"href":"https:\/\/aah.noblogs.org\/index.php?rest_route=%2Fwp%2Fv2%2Fmedia&parent=830"}],"curies":[{"name":"wp","href":"https:\/\/api.w.org\/{rel}","templated":true}]}}